{"id":974,"date":"2023-11-27T02:33:58","date_gmt":"2023-11-27T02:33:58","guid":{"rendered":"https:\/\/r10travel.com\/?page_id=974"},"modified":"2023-11-27T07:33:04","modified_gmt":"2023-11-27T07:33:04","slug":"ve-r10","status":"publish","type":"page","link":"https:\/\/r10travel.com\/commerce\/ve-r10\/","title":{"rendered":"V\u1ec1 R10"},"content":{"rendered":"<div class=\"slider-wrapper relative\" id=\"slider-1930339117\" >\n    <div class=\"slider slider-nav-circle slider-nav-large slider-nav-light slider-style-normal\"\n        data-flickity-options='{\n            \"cellAlign\": \"center\",\n            \"imagesLoaded\": true,\n            \"lazyLoad\": 1,\n            \"freeScroll\": false,\n            \"wrapAround\": true,\n            \"autoPlay\": 6000,\n            \"pauseAutoPlayOnHover\" : true,\n            \"prevNextButtons\": true,\n            \"contain\" : true,\n            \"adaptiveHeight\" : true,\n            \"dragThreshold\" : 10,\n            \"percentPosition\": true,\n            \"pageDots\": true,\n            \"rightToLeft\": false,\n            \"draggable\": true,\n            \"selectedAttraction\": 0.1,\n            \"parallax\" : 0,\n            \"friction\": 0.6        }'\n        >\n        \n\n  <div class=\"banner has-hover\" id=\"banner-720434911\">\n          <div class=\"banner-inner fill\">\n        <div class=\"banner-bg fill\" >\n            <div class=\"bg fill bg-fill \"><\/div>\n                                    \n                    <\/div>\n\t\t\n        <div class=\"banner-layers container\">\n            <div class=\"fill banner-link\"><\/div>            \n   <div id=\"text-box-1497597255\" class=\"text-box banner-layer x50 md-x50 lg-x50 y50 md-y50 lg-y50 res-text\">\n                                <div class=\"text-box-content text dark\">\n              \n              <div class=\"text-inner text-center\">\n                  \n<p><span style=\"font-size: 120%;\"><strong>Vi\u1ec7t Nam v\u00e0 Th\u00e1i Lan c\u00f9ng ph\u00e1t tri\u1ec3n H\u00e0nh lang kinh t\u1ebf ph\u00eda Nam<\/strong><\/span><br \/>Vi\u1ec7t Nam v\u00e0 Th\u00e1i Lan chung s\u1ee9c ph\u00e1t tri\u1ec3n H\u00e0nh lang kinh t\u1ebf ph\u00eda nam d\u00e0i 900 km (c\u00f2n g\u1ecdi l\u00e0 tuy\u1ebfn R10) nh\u1eb1m n\u1eafm b\u1eaft nh\u1eefng c\u01a1 h\u1ed9i \u0111ang l\u1edbn d\u1ea7n v\u1ec1 th\u01b0\u01a1ng m\u1ea1i, \u0111\u1ea7u t\u01b0, du l\u1ecbch, k\u1ebft n\u1ed1i mi\u1ec1n nam Vi\u1ec7t Nam v\u1edbi c\u1ea3ng bi\u1ec3n n\u01b0\u1edbc s\u00e2u Dawei \u1edf Myanmar v\u00e0 t\u1ea1o thu\u1eadn l\u1ee3i ph\u00e2n ph\u1ed1i h\u00e0ng h\u00f3a gi\u1eefa Vi\u1ec7t Nam, Th\u00e1i Lan, Campuchia v\u00e0 Myanmar.<\/p>\n<p><img loading=\"lazy\" decoding=\"async\" class=\"aligncenter size-full wp-image-967\" src=\"http:\/\/r10travel.com\/wp-content\/uploads\/2023\/11\/IMG_20221014_100555-1-scaled.jpg\" alt=\"\" width=\"2560\" height=\"2187\" srcset=\"https:\/\/r10travel.com\/commerce\/wp-content\/uploads\/2023\/11\/IMG_20221014_100555-1-scaled.jpg 2560w, https:\/\/r10travel.com\/commerce\/wp-content\/uploads\/2023\/11\/IMG_20221014_100555-1-468x400.jpg 468w, https:\/\/r10travel.com\/commerce\/wp-content\/uploads\/2023\/11\/IMG_20221014_100555-1-937x800.jpg 937w, https:\/\/r10travel.com\/commerce\/wp-content\/uploads\/2023\/11\/IMG_20221014_100555-1-768x656.jpg 768w, https:\/\/r10travel.com\/commerce\/wp-content\/uploads\/2023\/11\/IMG_20221014_100555-1-1536x1312.jpg 1536w, https:\/\/r10travel.com\/commerce\/wp-content\/uploads\/2023\/11\/IMG_20221014_100555-1-2048x1749.jpg 2048w\" sizes=\"(max-width: 2560px) 100vw, 2560px\" \/><\/p>\n              <\/div>\n           <\/div>\n                            \n<style>\n#text-box-1497597255 {\n  width: 60%;\n}\n#text-box-1497597255 .text-box-content {\n  font-size: 100%;\n}\n<\/style>\n    <\/div>\n \n        <\/div>\n      <\/div>\n\n            \n<style>\n#banner-720434911 {\n  padding-top: 874px;\n}\n#banner-720434911 .ux-shape-divider--top svg {\n  height: 150px;\n  --divider-top-width: 100%;\n}\n#banner-720434911 .ux-shape-divider--bottom svg {\n  height: 150px;\n  --divider-width: 100%;\n}\n<\/style>\n  <\/div>\n\n\n     <\/div>\n\n     <div class=\"loading-spin dark large centered\"><\/div>\n\n     \t<\/div>\n\n\n","protected":false},"excerpt":{"rendered":"","protected":false},"author":1,"featured_media":0,"parent":0,"menu_order":0,"comment_status":"closed","ping_status":"closed","template":"","meta":{"footnotes":""},"yoast_head":"<!-- This site is optimized with the Yoast SEO plugin v21.7 - https:\/\/yoast.com\/wordpress\/plugins\/seo\/ -->\n<title>V\u1ec1 R10 - R10Travel.com<\/title>\n<meta name=\"robots\" content=\"index, follow, max-snippet:-1, max-image-preview:large, max-video-preview:-1\" \/>\n<link rel=\"canonical\" href=\"https:\/\/r10travel.com\/commerce\/ve-r10\/\" \/>\n<meta property=\"og:locale\" content=\"vi_VN\" \/>\n<meta property=\"og:type\" content=\"article\" \/>\n<meta property=\"og:title\" content=\"V\u1ec1 R10 - R10Travel.com\" \/>\n<meta property=\"og:url\" content=\"https:\/\/r10travel.com\/commerce\/ve-r10\/\" \/>\n<meta property=\"og:site_name\" content=\"R10Travel.com\" \/>\n<meta property=\"article:modified_time\" content=\"2023-11-27T07:33:04+00:00\" \/>\n<meta property=\"og:image\" content=\"http:\/\/r10travel.com\/wp-content\/uploads\/2023\/11\/IMG_20221014_100555-1-scaled.jpg\" \/>\n<meta name=\"twitter:card\" content=\"summary_large_image\" \/>\n<meta name=\"twitter:label1\" content=\"\u01af\u1edbc t\u00ednh th\u1eddi gian \u0111\u1ecdc\" \/>\n\t<meta name=\"twitter:data1\" content=\"1 ph\u00fat\" \/>\n<script type=\"application\/ld+json\" class=\"yoast-schema-graph\">{\"@context\":\"https:\/\/schema.org\",\"@graph\":[{\"@type\":\"WebPage\",\"@id\":\"https:\/\/r10travel.com\/commerce\/ve-r10\/\",\"url\":\"https:\/\/r10travel.com\/commerce\/ve-r10\/\",\"name\":\"V\u1ec1 R10 - R10Travel.com\",\"isPartOf\":{\"@id\":\"https:\/\/r10travel.com\/commerce\/#website\"},\"datePublished\":\"2023-11-27T02:33:58+00:00\",\"dateModified\":\"2023-11-27T07:33:04+00:00\",\"breadcrumb\":{\"@id\":\"https:\/\/r10travel.com\/commerce\/ve-r10\/#breadcrumb\"},\"inLanguage\":\"vi\",\"potentialAction\":[{\"@type\":\"ReadAction\",\"target\":[\"https:\/\/r10travel.com\/commerce\/ve-r10\/\"]}]},{\"@type\":\"BreadcrumbList\",\"@id\":\"https:\/\/r10travel.com\/commerce\/ve-r10\/#breadcrumb\",\"itemListElement\":[{\"@type\":\"ListItem\",\"position\":1,\"name\":\"Trang ch\u1ee7\",\"item\":\"https:\/\/r10travel.com\/commerce\/\"},{\"@type\":\"ListItem\",\"position\":2,\"name\":\"V\u1ec1 R10\"}]},{\"@type\":\"WebSite\",\"@id\":\"https:\/\/r10travel.com\/commerce\/#website\",\"url\":\"https:\/\/r10travel.com\/commerce\/\",\"name\":\"R10Travel.com\",\"description\":\"R10Travel.com\",\"potentialAction\":[{\"@type\":\"SearchAction\",\"target\":{\"@type\":\"EntryPoint\",\"urlTemplate\":\"https:\/\/r10travel.com\/commerce\/?s={search_term_string}\"},\"query-input\":\"required name=search_term_string\"}],\"inLanguage\":\"vi\"}]}<\/script>\n<!-- \/ Yoast SEO plugin. -->","yoast_head_json":{"title":"V\u1ec1 R10 - R10Travel.com","robots":{"index":"index","follow":"follow","max-snippet":"max-snippet:-1","max-image-preview":"max-image-preview:large","max-video-preview":"max-video-preview:-1"},"canonical":"https:\/\/r10travel.com\/commerce\/ve-r10\/","og_locale":"vi_VN","og_type":"article","og_title":"V\u1ec1 R10 - R10Travel.com","og_url":"https:\/\/r10travel.com\/commerce\/ve-r10\/","og_site_name":"R10Travel.com","article_modified_time":"2023-11-27T07:33:04+00:00","og_image":[{"url":"http:\/\/r10travel.com\/wp-content\/uploads\/2023\/11\/IMG_20221014_100555-1-scaled.jpg"}],"twitter_card":"summary_large_image","twitter_misc":{"\u01af\u1edbc t\u00ednh th\u1eddi gian \u0111\u1ecdc":"1 ph\u00fat"},"schema":{"@context":"https:\/\/schema.org","@graph":[{"@type":"WebPage","@id":"https:\/\/r10travel.com\/commerce\/ve-r10\/","url":"https:\/\/r10travel.com\/commerce\/ve-r10\/","name":"V\u1ec1 R10 - R10Travel.com","isPartOf":{"@id":"https:\/\/r10travel.com\/commerce\/#website"},"datePublished":"2023-11-27T02:33:58+00:00","dateModified":"2023-11-27T07:33:04+00:00","breadcrumb":{"@id":"https:\/\/r10travel.com\/commerce\/ve-r10\/#breadcrumb"},"inLanguage":"vi","potentialAction":[{"@type":"ReadAction","target":["https:\/\/r10travel.com\/commerce\/ve-r10\/"]}]},{"@type":"BreadcrumbList","@id":"https:\/\/r10travel.com\/commerce\/ve-r10\/#breadcrumb","itemListElement":[{"@type":"ListItem","position":1,"name":"Trang ch\u1ee7","item":"https:\/\/r10travel.com\/commerce\/"},{"@type":"ListItem","position":2,"name":"V\u1ec1 R10"}]},{"@type":"WebSite","@id":"https:\/\/r10travel.com\/commerce\/#website","url":"https:\/\/r10travel.com\/commerce\/","name":"R10Travel.com","description":"R10Travel.com","potentialAction":[{"@type":"SearchAction","target":{"@type":"EntryPoint","urlTemplate":"https:\/\/r10travel.com\/commerce\/?s={search_term_string}"},"query-input":"required name=search_term_string"}],"inLanguage":"vi"}]}},"_links":{"self":[{"href":"https:\/\/r10travel.com\/commerce\/wp-json\/wp\/v2\/pages\/974"}],"collection":[{"href":"https:\/\/r10travel.com\/commerce\/wp-json\/wp\/v2\/pages"}],"about":[{"href":"https:\/\/r10travel.com\/commerce\/wp-json\/wp\/v2\/types\/page"}],"author":[{"embeddable":true,"href":"https:\/\/r10travel.com\/commerce\/wp-json\/wp\/v2\/users\/1"}],"replies":[{"embeddable":true,"href":"https:\/\/r10travel.com\/commerce\/wp-json\/wp\/v2\/comments?post=974"}],"version-history":[{"count":2,"href":"https:\/\/r10travel.com\/commerce\/wp-json\/wp\/v2\/pages\/974\/revisions"}],"predecessor-version":[{"id":1190,"href":"https:\/\/r10travel.com\/commerce\/wp-json\/wp\/v2\/pages\/974\/revisions\/1190"}],"wp:attachment":[{"href":"https:\/\/r10travel.com\/commerce\/wp-json\/wp\/v2\/media?parent=974"}],"curies":[{"name":"wp","href":"https:\/\/api.w.org\/{rel}","templated":true}]}}