{"id":942,"date":"2023-11-13T04:21:15","date_gmt":"2023-11-13T04:21:15","guid":{"rendered":"https:\/\/r10travel.com\/?page_id=942"},"modified":"2023-12-16T03:07:20","modified_gmt":"2023-12-16T03:07:20","slug":"lien-he","status":"publish","type":"page","link":"https:\/\/r10travel.com\/commerce\/lien-he\/","title":{"rendered":"LI\u00caN H\u1ec6"},"content":{"rendered":"<div class=\"row row-collapse row-full-width\"  id=\"row-742303883\">\n\n\t<div id=\"col-948928363\" class=\"col small-12 large-12\"  >\n\t\t\t\t<div class=\"col-inner\"  >\n\t\t\t\n\t\t\t\n\t<section class=\"section\" id=\"section_350503809\">\n\t\t<div class=\"bg section-bg fill bg-fill  \" >\n\n\t\t\t\n\t\t\t<div class=\"section-bg-overlay absolute fill\"><\/div>\n\t\t\t\n\n\t\t<\/div>\n\n\t\t\n\n\t\t<div class=\"section-content relative\">\n\t\t\t\n<div class=\"row row-collapse align-center\" style=\"max-width:\" id=\"row-1510103093\">\n\n\t<div id=\"col-395713654\" class=\"col small-12 large-12\"  >\n\t\t\t\t<div class=\"col-inner text-center dark\"  >\n\t\t\t\n\t\t\t\n<h1>TH\u00d4NG TIN LI\u00caN H\u1ec6<\/h1>\n\t\t<\/div>\n\t\t\t\t\n<style>\n#col-395713654 > .col-inner {\n  padding: 100px 20px 200px 0px;\n}\n@media (min-width:550px) {\n  #col-395713654 > .col-inner {\n    padding: 100px 0px 200px 0px;\n  }\n}\n<\/style>\n\t<\/div>\n\n\t\n<\/div>\n\t\t<\/div>\n\n\t\t\n<style>\n#section_350503809 {\n  padding-top: 0px;\n  padding-bottom: 0px;\n  min-height: 0px;\n}\n#section_350503809 .section-bg-overlay {\n  background-color: rgba(0, 0, 0, 0.12);\n}\n#section_350503809 .section-bg.bg-loaded {\n  background-image: url(https:\/\/r10travel.com\/commerce\/wp-content\/uploads\/2023\/11\/R10-Road.jpg);\n}\n#section_350503809 .section-bg {\n  background-position: 55% 100%;\n}\n#section_350503809 .ux-shape-divider--top svg {\n  height: 150px;\n  --divider-top-width: 100%;\n}\n#section_350503809 .ux-shape-divider--bottom svg {\n  height: 150px;\n  --divider-width: 100%;\n}\n@media (min-width:550px) {\n  #section_350503809 {\n    padding-top: 0px;\n    padding-bottom: 0px;\n  }\n  #section_350503809 .section-bg-overlay {\n    background-color: rgba(0, 0, 0, 0.21);\n  }\n}\n@media (min-width:850px) {\n  #section_350503809 {\n    padding-top: 50px;\n    padding-bottom: 50px;\n  }\n  #section_350503809 .section-bg-overlay {\n    background-color: rgba(0, 0, 0, 0.12);\n  }\n}\n<\/style>\n\t<\/section>\n\t\n\t\t<\/div>\n\t\t\t\t\n<style>\n#col-948928363 > .col-inner {\n  padding: 0px 30px 0px 30px;\n}\n<\/style>\n\t<\/div>\n\n\t\n<\/div>\n<div class=\"row row-large\" style=\"max-width:1400px\" id=\"row-1509640645\">\n\n\t<div id=\"col-904708624\" class=\"col small-12 large-12\"  >\n\t\t\t\t<div class=\"col-inner\" style=\"background-color:rgb(255, 255, 255);\" >\n\t\t\t\n\t\t\t\n<div class=\"row row-collapse row-full-width\"  id=\"row-226283940\">\n\n\t<div id=\"col-519840210\" class=\"col medium-12 small-12 large-6\"  >\n\t\t\t\t<div class=\"col-inner\"  >\n\t\t\t\n\t\t\t\n<div class=\"container section-title-container\" ><h3 class=\"section-title section-title-normal\"><b><\/b><span class=\"section-title-main\" >Li\u00ean h\u1ec7<\/span><b><\/b><\/h3><\/div>\n\t<div id=\"gap-2069137239\" class=\"gap-element clearfix\" style=\"display:block; height:auto;\">\n\t\t\n<style>\n#gap-2069137239 {\n  padding-top: 20px;\n}\n@media (min-width:550px) {\n  #gap-2069137239 {\n    padding-top: 20px;\n  }\n}\n@media (min-width:850px) {\n  #gap-2069137239 {\n    padding-top: 30px;\n  }\n}\n<\/style>\n\t<\/div>\n\t\n<ul>\n<li>T\u01b0 v\u1ea5n 24\/7: 079 789 8289<\/li>\n<li>Email: R10travel@gmail.com<\/li>\n<li>V\u0103n ph\u00f2ng Vi\u1ec7t Nam: 30 T\u1ea1 Uy\u00ean Kh\u00f3m 4, Ph\u01b0\u1eddng 9, Th\u00e0nh Ph\u1ed1 C\u00e0 Mau, C\u00e0 Mau, Vi\u1ec7t Nam<\/li>\n<li>V\u0103n ph\u00f2ng Th\u00e1i Lan: 33\/3 Moo 3, Soi 3, Khao Wua, Tha Mai, Chanthaburi, Thailand 22120<\/li>\n<\/ul>\n\t\t<\/div>\n\t\t\t\t\n<style>\n#col-519840210 > .col-inner {\n  padding: 0px 0px 0px 20px;\n}\n<\/style>\n\t<\/div>\n\n\t\n\n\t<div id=\"col-1111403746\" class=\"col medium-12 small-12 large-6\"  >\n\t\t\t\t<div class=\"col-inner\"  >\n\t\t\t\n\t\t\t\n<div class=\"container section-title-container\" ><h3 class=\"section-title section-title-normal\"><b><\/b><span class=\"section-title-main\" >\u0110\u1eb7t c\u00e2u h\u1ecfi<\/span><b><\/b><\/h3><\/div>\n\t<div id=\"gap-1887365365\" class=\"gap-element clearfix\" style=\"display:block; height:auto;\">\n\t\t\n<style>\n#gap-1887365365 {\n  padding-top: 20px;\n}\n@media (min-width:550px) {\n  #gap-1887365365 {\n    padding-top: 20px;\n  }\n}\n@media (min-width:850px) {\n  #gap-1887365365 {\n    padding-top: 30px;\n  }\n}\n<\/style>\n\t<\/div>\n\t\n\n<div class=\"wpcf7 no-js\" id=\"wpcf7-f954-o1\" lang=\"vi\" dir=\"ltr\">\n<div class=\"screen-reader-response\"><p role=\"status\" aria-live=\"polite\" aria-atomic=\"true\"><\/p> <ul><\/ul><\/div>\n<form action=\"\/commerce\/wp-json\/wp\/v2\/pages\/942#wpcf7-f954-o1\" method=\"post\" class=\"wpcf7-form init\" aria-label=\"Form li\u00ean h\u1ec7\" novalidate=\"novalidate\" data-status=\"init\">\n<div style=\"display: none;\">\n<input type=\"hidden\" name=\"_wpcf7\" value=\"954\" \/>\n<input type=\"hidden\" name=\"_wpcf7_version\" value=\"5.8.4\" \/>\n<input type=\"hidden\" name=\"_wpcf7_locale\" value=\"vi\" \/>\n<input type=\"hidden\" name=\"_wpcf7_unit_tag\" value=\"wpcf7-f954-o1\" \/>\n<input type=\"hidden\" name=\"_wpcf7_container_post\" value=\"0\" \/>\n<input type=\"hidden\" name=\"_wpcf7_posted_data_hash\" value=\"\" \/>\n<\/div>\n<p><label> Your name<br \/>\n<span class=\"wpcf7-form-control-wrap\" data-name=\"your-name\"><input size=\"40\" class=\"wpcf7-form-control wpcf7-text wpcf7-validates-as-required\" autocomplete=\"name\" aria-required=\"true\" aria-invalid=\"false\" value=\"\" type=\"text\" name=\"your-name\" \/><\/span> <\/label>\n<\/p>\n<p><label> Your email<br \/>\n<span class=\"wpcf7-form-control-wrap\" data-name=\"your-email\"><input size=\"40\" class=\"wpcf7-form-control wpcf7-email wpcf7-validates-as-required wpcf7-text wpcf7-validates-as-email\" autocomplete=\"email\" aria-required=\"true\" aria-invalid=\"false\" value=\"\" type=\"email\" name=\"your-email\" \/><\/span> <\/label>\n<\/p>\n<p><label> Ti\u00eau \u0111\u1ec1:<br \/>\n<span class=\"wpcf7-form-control-wrap\" data-name=\"your-subject\"><input size=\"40\" class=\"wpcf7-form-control wpcf7-text wpcf7-validates-as-required\" aria-required=\"true\" aria-invalid=\"false\" value=\"\" type=\"text\" name=\"your-subject\" \/><\/span> <\/label>\n<\/p>\n<p><label> Your message (kh\u00f4ng b\u1eaft bu\u1ed9c)<br \/>\n<span class=\"wpcf7-form-control-wrap\" data-name=\"your-message\"><textarea cols=\"40\" rows=\"10\" class=\"wpcf7-form-control wpcf7-textarea\" aria-invalid=\"false\" name=\"your-message\"><\/textarea><\/span> <\/label>\n<\/p>\n<p><input class=\"wpcf7-form-control wpcf7-submit has-spinner\" type=\"submit\" value=\"G\u1eedi\" \/>\n<\/p><p style=\"display: none !important;\"><label>&#916;<textarea name=\"_wpcf7_ak_hp_textarea\" cols=\"45\" rows=\"8\" maxlength=\"100\"><\/textarea><\/label><input type=\"hidden\" id=\"ak_js_1\" name=\"_wpcf7_ak_js\" value=\"206\"\/><script>document.getElementById( \"ak_js_1\" ).setAttribute( \"value\", ( new Date() ).getTime() );<\/script><\/p><div class=\"wpcf7-response-output\" aria-hidden=\"true\"><\/div>\n<\/form>\n<\/div>\n\n\t\t<\/div>\n\t\t\t\t\t<\/div>\n\n\t\n\n<style>\n#row-226283940 > .col > .col-inner {\n  padding: 0px 15px 0px 15px;\n}\n<\/style>\n<\/div>\n\t\t<\/div>\n\t\t\t\t\n<style>\n#col-904708624 > .col-inner {\n  padding: 50px 20px 0px 20px;\n  margin: -0 0px 0px 0px;\n}\n@media (min-width:550px) {\n  #col-904708624 > .col-inner {\n    padding: 50px 20px 30px 20px;\n    margin: 0 0px 0px 0px;\n  }\n}\n@media (min-width:850px) {\n  #col-904708624 > .col-inner {\n    padding: 66px 5% 16px 5%;\n    margin: -135px 0px 0px 0px;\n  }\n}\n<\/style>\n\t<\/div>\n\n\t\n<\/div>\n<div class=\"row row-collapse row-full-width\"  id=\"row-821960134\">\n\n\t<div id=\"col-668703107\" class=\"col small-12 large-12\"  >\n\t\t\t\t<div class=\"col-inner\"  >\n\t\t\t\n\t\t\t\n<p><iframe src=\"https:\/\/www.google.com\/maps\/embed?pb=!1m18!1m12!1m3!1d2341.8588025705017!2d105.15209454947745!3d9.197575521941763!2m3!1f0!2f0!3f0!3m2!1i1024!2i768!4f13.1!3m3!1m2!1s0x31a149e8e6464cfd%3A0x34d4ce9bc4498f4f!2zxJDhuqV0IE3FqWkgTmV3cw!5e0!3m2!1svi!2s!4v1702696020216!5m2!1svi!2s\" width=\"1920\" height=\"600\" style=\"border:0;\" allowfullscreen=\"\" loading=\"lazy\" referrerpolicy=\"no-referrer-when-downgrade\"><\/iframe><\/p>\n\t\t<\/div>\n\t\t\t\t\n<style>\n#col-668703107 > .col-inner {\n  padding: 0px 30px 0px 30px;\n}\n<\/style>\n\t<\/div>\n\n\t\n<\/div>\n","protected":false},"excerpt":{"rendered":"","protected":false},"author":1,"featured_media":0,"parent":0,"menu_order":0,"comment_status":"closed","ping_status":"closed","template":"page-blank.php","meta":{"footnotes":""},"yoast_head":"<!-- This site is optimized with the Yoast SEO plugin v21.7 - https:\/\/yoast.com\/wordpress\/plugins\/seo\/ -->\n<title>LI\u00caN H\u1ec6 - R10Travel.com<\/title>\n<meta name=\"robots\" content=\"index, follow, max-snippet:-1, max-image-preview:large, max-video-preview:-1\" \/>\n<link rel=\"canonical\" href=\"https:\/\/r10travel.com\/commerce\/lien-he\/\" \/>\n<meta property=\"og:locale\" content=\"vi_VN\" \/>\n<meta property=\"og:type\" content=\"article\" \/>\n<meta property=\"og:title\" content=\"LI\u00caN H\u1ec6 - R10Travel.com\" \/>\n<meta property=\"og:url\" content=\"https:\/\/r10travel.com\/commerce\/lien-he\/\" \/>\n<meta property=\"og:site_name\" content=\"R10Travel.com\" \/>\n<meta property=\"article:modified_time\" content=\"2023-12-16T03:07:20+00:00\" \/>\n<meta name=\"twitter:card\" content=\"summary_large_image\" \/>\n<meta name=\"twitter:label1\" content=\"\u01af\u1edbc t\u00ednh th\u1eddi gian \u0111\u1ecdc\" \/>\n\t<meta name=\"twitter:data1\" content=\"1 ph\u00fat\" \/>\n<script type=\"application\/ld+json\" class=\"yoast-schema-graph\">{\"@context\":\"https:\/\/schema.org\",\"@graph\":[{\"@type\":\"WebPage\",\"@id\":\"https:\/\/r10travel.com\/commerce\/lien-he\/\",\"url\":\"https:\/\/r10travel.com\/commerce\/lien-he\/\",\"name\":\"LI\u00caN H\u1ec6 - R10Travel.com\",\"isPartOf\":{\"@id\":\"https:\/\/r10travel.com\/commerce\/#website\"},\"datePublished\":\"2023-11-13T04:21:15+00:00\",\"dateModified\":\"2023-12-16T03:07:20+00:00\",\"breadcrumb\":{\"@id\":\"https:\/\/r10travel.com\/commerce\/lien-he\/#breadcrumb\"},\"inLanguage\":\"vi\",\"potentialAction\":[{\"@type\":\"ReadAction\",\"target\":[\"https:\/\/r10travel.com\/commerce\/lien-he\/\"]}]},{\"@type\":\"BreadcrumbList\",\"@id\":\"https:\/\/r10travel.com\/commerce\/lien-he\/#breadcrumb\",\"itemListElement\":[{\"@type\":\"ListItem\",\"position\":1,\"name\":\"Trang ch\u1ee7\",\"item\":\"https:\/\/r10travel.com\/commerce\/\"},{\"@type\":\"ListItem\",\"position\":2,\"name\":\"LI\u00caN H\u1ec6\"}]},{\"@type\":\"WebSite\",\"@id\":\"https:\/\/r10travel.com\/commerce\/#website\",\"url\":\"https:\/\/r10travel.com\/commerce\/\",\"name\":\"R10Travel.com\",\"description\":\"R10Travel.com\",\"potentialAction\":[{\"@type\":\"SearchAction\",\"target\":{\"@type\":\"EntryPoint\",\"urlTemplate\":\"https:\/\/r10travel.com\/commerce\/?s={search_term_string}\"},\"query-input\":\"required name=search_term_string\"}],\"inLanguage\":\"vi\"}]}<\/script>\n<!-- \/ Yoast SEO plugin. -->","yoast_head_json":{"title":"LI\u00caN H\u1ec6 - R10Travel.com","robots":{"index":"index","follow":"follow","max-snippet":"max-snippet:-1","max-image-preview":"max-image-preview:large","max-video-preview":"max-video-preview:-1"},"canonical":"https:\/\/r10travel.com\/commerce\/lien-he\/","og_locale":"vi_VN","og_type":"article","og_title":"LI\u00caN H\u1ec6 - R10Travel.com","og_url":"https:\/\/r10travel.com\/commerce\/lien-he\/","og_site_name":"R10Travel.com","article_modified_time":"2023-12-16T03:07:20+00:00","twitter_card":"summary_large_image","twitter_misc":{"\u01af\u1edbc t\u00ednh th\u1eddi gian \u0111\u1ecdc":"1 ph\u00fat"},"schema":{"@context":"https:\/\/schema.org","@graph":[{"@type":"WebPage","@id":"https:\/\/r10travel.com\/commerce\/lien-he\/","url":"https:\/\/r10travel.com\/commerce\/lien-he\/","name":"LI\u00caN H\u1ec6 - R10Travel.com","isPartOf":{"@id":"https:\/\/r10travel.com\/commerce\/#website"},"datePublished":"2023-11-13T04:21:15+00:00","dateModified":"2023-12-16T03:07:20+00:00","breadcrumb":{"@id":"https:\/\/r10travel.com\/commerce\/lien-he\/#breadcrumb"},"inLanguage":"vi","potentialAction":[{"@type":"ReadAction","target":["https:\/\/r10travel.com\/commerce\/lien-he\/"]}]},{"@type":"BreadcrumbList","@id":"https:\/\/r10travel.com\/commerce\/lien-he\/#breadcrumb","itemListElement":[{"@type":"ListItem","position":1,"name":"Trang ch\u1ee7","item":"https:\/\/r10travel.com\/commerce\/"},{"@type":"ListItem","position":2,"name":"LI\u00caN H\u1ec6"}]},{"@type":"WebSite","@id":"https:\/\/r10travel.com\/commerce\/#website","url":"https:\/\/r10travel.com\/commerce\/","name":"R10Travel.com","description":"R10Travel.com","potentialAction":[{"@type":"SearchAction","target":{"@type":"EntryPoint","urlTemplate":"https:\/\/r10travel.com\/commerce\/?s={search_term_string}"},"query-input":"required name=search_term_string"}],"inLanguage":"vi"}]}},"_links":{"self":[{"href":"https:\/\/r10travel.com\/commerce\/wp-json\/wp\/v2\/pages\/942"}],"collection":[{"href":"https:\/\/r10travel.com\/commerce\/wp-json\/wp\/v2\/pages"}],"about":[{"href":"https:\/\/r10travel.com\/commerce\/wp-json\/wp\/v2\/types\/page"}],"author":[{"embeddable":true,"href":"https:\/\/r10travel.com\/commerce\/wp-json\/wp\/v2\/users\/1"}],"replies":[{"embeddable":true,"href":"https:\/\/r10travel.com\/commerce\/wp-json\/wp\/v2\/comments?post=942"}],"version-history":[{"count":8,"href":"https:\/\/r10travel.com\/commerce\/wp-json\/wp\/v2\/pages\/942\/revisions"}],"predecessor-version":[{"id":1249,"href":"https:\/\/r10travel.com\/commerce\/wp-json\/wp\/v2\/pages\/942\/revisions\/1249"}],"wp:attachment":[{"href":"https:\/\/r10travel.com\/commerce\/wp-json\/wp\/v2\/media?parent=942"}],"curies":[{"name":"wp","href":"https:\/\/api.w.org\/{rel}","templated":true}]}}